{"id":983,"date":"2023-01-08T22:16:29","date_gmt":"2023-01-08T21:16:29","guid":{"rendered":"https:\/\/gs-breitenhagen.de\/?page_id=983"},"modified":"2023-05-22T21:17:33","modified_gmt":"2023-05-22T19:17:33","slug":"leitziele","status":"publish","type":"page","link":"https:\/\/gs-breitenhagen.de\/?page_id=983","title":{"rendered":"Leitziele"},"content":{"rendered":"\n<blockquote class=\"wp-block-quote is-layout-flow wp-block-quote-is-layout-flow\">\n<p>Wir sind eine Schule, in der miteinander, f\u00fcreinander und voneinander gelernt wird.<\/p>\n<\/blockquote>\n\n\n\n<h1 class=\"wp-block-heading\">Gemeinsam f\u00fcr unsere Ziele \u2013 Gemeinsam wachsen<\/h1>\n\n\n\n<ol class=\"wp-block-list\">\n<li>Leitziel: Wir sind eine Gemeinschaft aus Kindern, Eltern, Lehrkr\u00e4ften, Erzieherinnen, p\u00e4dagogischen Mitarbeiterinnen, Schulsozialarbeiterin, Sekret\u00e4rin, Hausmeister und Reinigungskr\u00e4ften, in der jeder seinen Platz findet und sich wohlf\u00fchlt, um gemeinsam zu lernen.<\/li>\n\n\n\n<li>Leitziel: Wir streben danach, uns selbst, unseren Mitmenschen und unserer Umwelt bewusst zu begegnen.<\/li>\n\n\n\n<li>Leitziel: Wir sind eine Schule, die offen ist f\u00fcr die Ver\u00e4nderungen in der Gesellschaft.<\/li>\n<\/ol>\n\n\n\n<blockquote class=\"wp-block-quote is-layout-flow wp-block-quote-is-layout-flow\">\n<p>Wir sind eine Schule, in der respektvolles Miteinander gelebt und gelernt wird.<\/p>\n<\/blockquote>\n\n\n\n<h1 class=\"wp-block-heading\">Wertsch\u00e4tzende Erziehung<\/h1>\n\n\n\n<ol class=\"wp-block-list\">\n<li>Leitziel: Wir legen Wert auf einen toleranten, wertsch\u00e4tzenden und friedlichen Umgang miteinander.<\/li>\n\n\n\n<li>Leitziel: Wir legen Wert auf das Verst\u00e4ndnis f\u00fcr demokratisches Handeln.<\/li>\n\n\n\n<li>Leitziel: Wir legen Wert auf die St\u00e4rkung des Selbstwertgef\u00fchls.<\/li>\n\n\n\n<li>Leitziel: Wir legen Wert auf gemeinsam vereinbarte Regeln und Rituale.<\/li>\n<\/ol>\n\n\n\n<blockquote class=\"wp-block-quote is-layout-flow wp-block-quote-is-layout-flow\">\n<p>Wir sind eine Schule, die durch vielf\u00e4ltige, jahrgangs\u00fcbergreifende Feste und Aktionen den Zusammenhalt untereinander st\u00e4rkt.<\/p>\n<\/blockquote>\n\n\n\n<h1 class=\"wp-block-heading\">Gemeinsam f\u00fcr ein positives Schulklima<\/h1>\n\n\n\n<ol class=\"wp-block-list\">\n<li>Leitziel: Wir legen Wert darauf, dass sich alle wohlf\u00fchlen und sich angstfrei entwickeln k\u00f6nnen.<\/li>\n\n\n\n<li>Leitziel: Wir streben an, dass sich alle mit der Schulgemeinschaft identifizieren.<\/li>\n\n\n\n<li>Leitziel: Wir streben ein einladendes \u00e4u\u00dferes Erscheinungsbild des Schulgeb\u00e4udes an.<\/li>\n\n\n\n<li>Leitziel: Wir sind eine Schule mit einem aktiven F\u00f6rderverein, der durch die Realisierung verschiedener Projekte zu unserem positiven Schulklima beitr\u00e4gt.<\/li>\n<\/ol>\n\n\n\n<h2 class=\"wp-block-heading\">Hand in Hand im Team<\/h2>\n\n\n\n<p>Wir sind ein Team aus Lehrerinnen und Lehrern und p\u00e4dagogischen Mitarbeitern, die einen respektvollen und friedlichen Umgang miteinander vorleben.<\/p>\n\n\n\n<ul class=\"wp-block-list\">\n<li>Leitziel: Wir legen Wert auf regelm\u00e4\u00dfige Dienstbesprechungen und Konferenzen, die die interne Kommunikation erleichtern und Transparenz schaffen.<\/li>\n\n\n\n<li>Wir legen Wert auf einen regelm\u00e4\u00dfigen und intensiven Austausch in den Jahrgangsteams.<\/li>\n\n\n\n<li>Wir streben an, festgelegte Beschl\u00fcsse als Team verbindlich umzusetzen.<\/li>\n\n\n\n<li>Wir legen Wert auf die Gesundheit aller Teammitglieder.<\/li>\n<\/ul>\n\n\n\n<blockquote class=\"wp-block-quote is-layout-flow wp-block-quote-is-layout-flow\">\n<p>Wir sind eine Schule, in der externe Partner das Schulleben erg\u00e4nzend bereichern und zur Entwicklung beitragen.<\/p>\n<\/blockquote>\n\n\n\n<h2 class=\"wp-block-heading\">Wir haben viele au\u00dferschulische Partner<\/h2>\n\n\n\n<ol class=\"wp-block-list\">\n<li>Leitziel: Wir streben eine enge Kooperation mit den Kinderg\u00e4rten und weiterf\u00fchrenden Schulen unter gemeinsamen Zielsetzungen zur St\u00e4rkung der Entwicklung an.<\/li>\n\n\n\n<li>Leitziel: Wir sind eine Schule, die vielf\u00e4ltig mit au\u00dferschulischen Partnern aus den Bereichen Gesundheit, Gewaltpr\u00e4vention, Sport, Kirche Kultur und Familienberatung vernetzt ist.<\/li>\n<\/ol>\n\n\n\n<blockquote class=\"wp-block-quote is-layout-flow wp-block-quote-is-layout-flow\">\n<p>Wir sind eine Schule, die Wert auf eine aktuelle Berichterstattung legt.<\/p>\n<\/blockquote>\n\n\n\n<h2 class=\"wp-block-heading\">Das sind wir<\/h2>\n\n\n\n<ol class=\"wp-block-list\">\n<li>Wir streben eine ansprechende und aussagekr\u00e4ftige Homepage an, aus der unsere Ziele und unser Leitbild hervorgehen.<\/li>\n\n\n\n<li>Wir sind eine Schule, die die lokale Presse zu Projekten und Veranstaltungen einl\u00e4dt.<\/li>\n\n\n\n<li>Wir streben an, dass unsere Schullogo \/ Leitbild in unserer Pausenhalle jederzeit sichtbar ist.<\/li>\n<\/ol>\n\n\n\n<blockquote class=\"wp-block-quote is-layout-flow wp-block-quote-is-layout-flow\">\n<p>Wir sind eine Schule, die sich an ihrem Leitbild orientiert und sich entsprechend fortbildet.<\/p>\n<\/blockquote>\n\n\n\n<h2 class=\"wp-block-heading\">Wir entwickeln uns weiter<\/h2>\n\n\n\n<ol class=\"wp-block-list\">\n<li>Wir legen Wert auf die Etablierung einer Feedbackkultur.<\/li>\n\n\n\n<li>Wir legen darauf Wert, die vorhandenen pers\u00f6nlichen M\u00f6glichkeiten und Materialien (Ressourcen) f\u00fcr den kollegialen Austausch bereitzustellen.<\/li>\n\n\n\n<li>Wir legen Wert auf eine gemeinsame Planung und Evaluation unseres Unterrichts.<\/li>\n<\/ol>\n","protected":false},"excerpt":{"rendered":"<p>Wir sind eine Schule, in der miteinander, f\u00fcreinander und voneinander gelernt wird. Gemeinsam f\u00fcr unsere Ziele \u2013 Gemeinsam wachsen Wir sind eine Schule, in der respektvolles Miteinander gelebt und gelernt wird. Wertsch\u00e4tzende Erziehung Wir sind eine Schule, die durch vielf\u00e4ltige, jahrgangs\u00fcbergreifende Feste und Aktionen den Zusammenhalt untereinander st\u00e4rkt. Gemeinsam f\u00fcr ein positives Schulklima Hand in [&hellip;]<\/p>\n","protected":false},"author":1,"featured_media":0,"parent":0,"menu_order":0,"comment_status":"closed","ping_status":"closed","template":"","meta":{"footnotes":""},"class_list":["post-983","page","type-page","status-publish","hentry","entry"],"_links":{"self":[{"href":"https:\/\/gs-breitenhagen.de\/index.php?rest_route=\/wp\/v2\/pages\/983","targetHints":{"allow":["GET"]}}],"collection":[{"href":"https:\/\/gs-breitenhagen.de\/index.php?rest_route=\/wp\/v2\/pages"}],"about":[{"href":"https:\/\/gs-breitenhagen.de\/index.php?rest_route=\/wp\/v2\/types\/page"}],"author":[{"embeddable":true,"href":"https:\/\/gs-breitenhagen.de\/index.php?rest_route=\/wp\/v2\/users\/1"}],"replies":[{"embeddable":true,"href":"https:\/\/gs-breitenhagen.de\/index.php?rest_route=%2Fwp%2Fv2%2Fcomments&post=983"}],"version-history":[{"count":113,"href":"https:\/\/gs-breitenhagen.de\/index.php?rest_route=\/wp\/v2\/pages\/983\/revisions"}],"predecessor-version":[{"id":1913,"href":"https:\/\/gs-breitenhagen.de\/index.php?rest_route=\/wp\/v2\/pages\/983\/revisions\/1913"}],"wp:attachment":[{"href":"https:\/\/gs-breitenhagen.de\/index.php?rest_route=%2Fwp%2Fv2%2Fmedia&parent=983"}],"curies":[{"name":"wp","href":"https:\/\/api.w.org\/{rel}","templated":true}]}}