{"id":2678,"date":"2023-11-28T14:52:28","date_gmt":"2023-11-28T13:52:28","guid":{"rendered":"https:\/\/gs-breitenhagen.de\/?page_id=2678"},"modified":"2023-12-03T18:08:17","modified_gmt":"2023-12-03T17:08:17","slug":"unser-schulhund","status":"publish","type":"page","link":"https:\/\/gs-breitenhagen.de\/?page_id=2678","title":{"rendered":"Unser Schulhund"},"content":{"rendered":"\t\t<div data-elementor-type=\"wp-page\" data-elementor-id=\"2678\" class=\"elementor elementor-2678\">\n\t\t\t\t\t\t<section class=\"elementor-section elementor-top-section elementor-element elementor-element-b2b186d elementor-section-boxed elementor-section-height-default elementor-section-height-default\" data-id=\"b2b186d\" data-element_type=\"section\" data-e-type=\"section\">\n\t\t\t\t\t\t<div class=\"elementor-container elementor-column-gap-default\">\n\t\t\t\t\t<div class=\"elementor-column elementor-col-100 elementor-top-column elementor-element elementor-element-78fd0b3\" data-id=\"78fd0b3\" data-element_type=\"column\" data-e-type=\"column\">\n\t\t\t<div class=\"elementor-widget-wrap elementor-element-populated\">\n\t\t\t\t\t\t<div class=\"elementor-element elementor-element-ca70f35 elementor-widget elementor-widget-heading\" data-id=\"ca70f35\" data-element_type=\"widget\" data-e-type=\"widget\" data-widget_type=\"heading.default\">\n\t\t\t\t<div class=\"elementor-widget-container\">\n\t\t\t\t\t<h2 class=\"elementor-heading-title elementor-size-default\">Unser Schulhund Fay<\/h2>\t\t\t\t<\/div>\n\t\t\t\t<\/div>\n\t\t\t\t\t<\/div>\n\t\t<\/div>\n\t\t\t\t\t<\/div>\n\t\t<\/section>\n\t\t\t\t<section class=\"elementor-section elementor-top-section elementor-element elementor-element-9d89bb4 elementor-section-boxed elementor-section-height-default elementor-section-height-default\" data-id=\"9d89bb4\" data-element_type=\"section\" data-e-type=\"section\">\n\t\t\t\t\t\t<div class=\"elementor-container elementor-column-gap-default\">\n\t\t\t\t\t<div class=\"elementor-column elementor-col-50 elementor-top-column elementor-element elementor-element-7aa1174\" data-id=\"7aa1174\" data-element_type=\"column\" data-e-type=\"column\">\n\t\t\t<div class=\"elementor-widget-wrap elementor-element-populated\">\n\t\t\t\t\t\t<div class=\"elementor-element elementor-element-434ed4b elementor-widget elementor-widget-image\" data-id=\"434ed4b\" data-element_type=\"widget\" data-e-type=\"widget\" data-widget_type=\"image.default\">\n\t\t\t\t<div class=\"elementor-widget-container\">\n\t\t\t\t\t\t\t\t\t\t\t\t\t\t\t<img fetchpriority=\"high\" decoding=\"async\" width=\"768\" height=\"1024\" src=\"https:\/\/gs-breitenhagen.de\/wp-content\/uploads\/2023\/11\/IMG_5174-768x1024.jpeg\" class=\"attachment-large size-large wp-image-2685\" alt=\"\" srcset=\"https:\/\/gs-breitenhagen.de\/wp-content\/uploads\/2023\/11\/IMG_5174-768x1024.jpeg 768w, https:\/\/gs-breitenhagen.de\/wp-content\/uploads\/2023\/11\/IMG_5174-225x300.jpeg 225w, https:\/\/gs-breitenhagen.de\/wp-content\/uploads\/2023\/11\/IMG_5174-1152x1536.jpeg 1152w, https:\/\/gs-breitenhagen.de\/wp-content\/uploads\/2023\/11\/IMG_5174-1536x2048.jpeg 1536w, https:\/\/gs-breitenhagen.de\/wp-content\/uploads\/2023\/11\/IMG_5174-scaled.jpeg 1920w\" sizes=\"(max-width: 768px) 100vw, 768px\" \/>\t\t\t\t\t\t\t\t\t\t\t\t\t\t\t<\/div>\n\t\t\t\t<\/div>\n\t\t\t\t\t<\/div>\n\t\t<\/div>\n\t\t\t\t<div class=\"elementor-column elementor-col-50 elementor-top-column elementor-element elementor-element-1e86ea3\" data-id=\"1e86ea3\" data-element_type=\"column\" data-e-type=\"column\">\n\t\t\t<div class=\"elementor-widget-wrap elementor-element-populated\">\n\t\t\t\t\t\t<div class=\"elementor-element elementor-element-3485638 elementor-widget elementor-widget-text-editor\" data-id=\"3485638\" data-element_type=\"widget\" data-e-type=\"widget\" data-widget_type=\"text-editor.default\">\n\t\t\t\t<div class=\"elementor-widget-container\">\n\t\t\t\t\t\t\t\t\t<p><b>Das ist Fay:<\/b><\/p><p>\u00a0<\/p><p><strong><u>Steckbrief<\/u><\/strong><\/p><p>Name: Fay<\/p><p>Rasse: Whippet<\/p><p>Farbe: blond<\/p><p>Geschlecht: weiblich<\/p><p>Geburtstag: 11.10.2019<\/p><p>Ausbildung: Projekthunde Deutschland<\/p><p>Frauchen: Melanie Schrenk<\/p>\t\t\t\t\t\t\t\t<\/div>\n\t\t\t\t<\/div>\n\t\t\t\t\t<\/div>\n\t\t<\/div>\n\t\t\t\t\t<\/div>\n\t\t<\/section>\n\t\t\t\t<section class=\"elementor-section elementor-top-section elementor-element elementor-element-3358ada elementor-section-boxed elementor-section-height-default elementor-section-height-default\" data-id=\"3358ada\" data-element_type=\"section\" data-e-type=\"section\">\n\t\t\t\t\t\t<div class=\"elementor-container elementor-column-gap-default\">\n\t\t\t\t\t<div class=\"elementor-column elementor-col-100 elementor-top-column elementor-element elementor-element-c30e286\" data-id=\"c30e286\" data-element_type=\"column\" data-e-type=\"column\">\n\t\t\t<div class=\"elementor-widget-wrap elementor-element-populated\">\n\t\t\t\t\t\t<div class=\"elementor-element elementor-element-5ab9a86 elementor-widget elementor-widget-text-editor\" data-id=\"5ab9a86\" data-element_type=\"widget\" data-e-type=\"widget\" data-widget_type=\"text-editor.default\">\n\t\t\t\t<div class=\"elementor-widget-container\">\n\t\t\t\t\t\t\t\t\t<p><u>Gute Gr\u00fcnde f\u00fcr den Einsatz eines Schulhundes in der Grundschule<\/u><\/p><p>Mit Fay sollen stundenweise die Vorz\u00fcge der tiergest\u00fctzten P\u00e4dagogik in unserer Schule eingebracht werden. Sie kommt zum Beispiel als Lernmotivatorin und Tr\u00f6sterin zum Einsatz.<\/p><p>Ein Schulhund begleitet eine Lehrkraft im Schulalltag und hat vielf\u00e4ltige Aufgaben. Vor allem werden emotionale und soziale Kompetenzen der Kinder gef\u00f6rdert.<\/p><p>Ein Hund wirkt sich positiv auf das Lernklima aus, er hat eine beruhigende Wirkung, die Kinder \u00fcben R\u00fccksichtnahme und Verantwortungsbereitschaft.<\/p><p>Die Anwesenheit von Tieren f\u00f6rdert das Wohlbefinden. Wer sich wohlf\u00fchlt, lernt mit gr\u00f6\u00dferer Freude und effektiver.\u00a0 Die Kinder werden ebenfalls in ihrer Pers\u00f6nlichkeitsentwicklung unterst\u00fctzt.<\/p><p>Der Ko\u0308rperkontakt zum Hund hat etwas Beruhigendes und wirkt sich positiv auf die Verfassung der Kinder aus. Bei Streitigkeiten oder anderen Herausforderungen, kann der Hund zur Konfliktbew\u00e4ltigung und zum Tr\u00f6sten eingesetzt werden.<\/p><p>\u00a0<\/p><p>Der Schulhund regt in vielerlei Hinsicht zur Kommunikation an, dies f\u00fchrt wiederum zur Wortschatzerweiterung oder er hilft \u00e4ngstlichen Kindern sich zu \u00f6ffnen.<\/p><p>Ein Schulhund kann auch aktiv eingebunden werden und unterschiedliche Aufgaben u\u0308bernehmen. So beherrscht Fay unterschiedliche Tricks. Sie kann beispielsweise am Gl\u00fccksrad drehen, einen Buzzer oder eine Klingel bet\u00e4tigen, Karten ziehen, auf denen Aufgaben f\u00fcr die Kinder stehen und noch vieles mehr.<\/p><p>Auch im Sportunterricht hat Fay einen Aufgabenbereich. So kann sie bei bestimmten Laufspielen unterst\u00fctzend t\u00e4tig sein oder Parcours durchlaufen, die auch die Kinder durchlaufen werden.<\/p><p>Fay besucht aktuell an 2 Tagen in der Woche die Schule.\u00a0Sie ist in der Klasse von Frau Schrenk stundenweise anwesend. In naher Zukunft sollen Hundestunden eingerichtet werden, in denen auch Kinder aus anderen Klassen die M\u00f6glichkeit haben, gemeinsam mit Fay zu lernen.\u00a0<\/p><p>Alle Kinder der Schule werden Fay nach und nach kennenlernen und Besuch von Fay in Begleitung von Frau Schrenk erhalten.<\/p>\t\t\t\t\t\t\t\t<\/div>\n\t\t\t\t<\/div>\n\t\t\t\t\t<\/div>\n\t\t<\/div>\n\t\t\t\t\t<\/div>\n\t\t<\/section>\n\t\t\t\t<section class=\"elementor-section elementor-top-section elementor-element elementor-element-0e8e4df elementor-section-boxed elementor-section-height-default elementor-section-height-default\" data-id=\"0e8e4df\" data-element_type=\"section\" data-e-type=\"section\">\n\t\t\t\t\t\t<div class=\"elementor-container elementor-column-gap-default\">\n\t\t\t\t\t<div class=\"elementor-column elementor-col-100 elementor-top-column elementor-element elementor-element-f5f70ad\" data-id=\"f5f70ad\" data-element_type=\"column\" data-e-type=\"column\">\n\t\t\t<div class=\"elementor-widget-wrap elementor-element-populated\">\n\t\t\t\t\t\t<div class=\"elementor-element elementor-element-e7aae87 elementor-widget elementor-widget-text-editor\" data-id=\"e7aae87\" data-element_type=\"widget\" data-e-type=\"widget\" data-widget_type=\"text-editor.default\">\n\t\t\t\t<div class=\"elementor-widget-container\">\n\t\t\t\t\t\t\t\t\t<p>Ein kleiner Einblick in den Schulalltag mit Fay:<\/p>\t\t\t\t\t\t\t\t<\/div>\n\t\t\t\t<\/div>\n\t\t\t\t\t<\/div>\n\t\t<\/div>\n\t\t\t\t\t<\/div>\n\t\t<\/section>\n\t\t\t\t<section class=\"elementor-section elementor-top-section elementor-element elementor-element-582c40d elementor-section-boxed elementor-section-height-default elementor-section-height-default\" data-id=\"582c40d\" data-element_type=\"section\" data-e-type=\"section\">\n\t\t\t\t\t\t<div class=\"elementor-container elementor-column-gap-default\">\n\t\t\t\t\t<div class=\"elementor-column elementor-col-100 elementor-top-column elementor-element elementor-element-3a4f6ee\" data-id=\"3a4f6ee\" data-element_type=\"column\" data-e-type=\"column\">\n\t\t\t<div class=\"elementor-widget-wrap elementor-element-populated\">\n\t\t\t\t\t\t<div class=\"elementor-element elementor-element-8be5ead elementor-arrows-position-inside elementor-pagination-position-outside elementor-widget elementor-widget-image-carousel\" data-id=\"8be5ead\" data-element_type=\"widget\" data-e-type=\"widget\" data-settings=\"{&quot;navigation&quot;:&quot;both&quot;,&quot;autoplay&quot;:&quot;yes&quot;,&quot;pause_on_hover&quot;:&quot;yes&quot;,&quot;pause_on_interaction&quot;:&quot;yes&quot;,&quot;autoplay_speed&quot;:5000,&quot;infinite&quot;:&quot;yes&quot;,&quot;speed&quot;:500}\" data-widget_type=\"image-carousel.default\">\n\t\t\t\t<div class=\"elementor-widget-container\">\n\t\t\t\t\t\t\t<div class=\"elementor-image-carousel-wrapper swiper\" role=\"region\" aria-roledescription=\"carousel\" aria-label=\"Bild Karussell\" dir=\"ltr\">\n\t\t\t<div class=\"elementor-image-carousel swiper-wrapper\" aria-live=\"off\">\n\t\t\t\t\t\t\t\t<div class=\"swiper-slide\" role=\"group\" aria-roledescription=\"slide\" aria-label=\"1 von 5\"><figure class=\"swiper-slide-inner\"><img decoding=\"async\" class=\"swiper-slide-image\" src=\"https:\/\/gs-breitenhagen.de\/wp-content\/uploads\/2023\/11\/Hannah-150x150.jpeg\" alt=\"Hannah\" \/><\/figure><\/div><div class=\"swiper-slide\" role=\"group\" aria-roledescription=\"slide\" aria-label=\"2 von 5\"><figure class=\"swiper-slide-inner\"><img decoding=\"async\" class=\"swiper-slide-image\" src=\"https:\/\/gs-breitenhagen.de\/wp-content\/uploads\/2023\/11\/David-150x150.jpeg\" alt=\"David\" \/><\/figure><\/div><div class=\"swiper-slide\" role=\"group\" aria-roledescription=\"slide\" aria-label=\"3 von 5\"><figure class=\"swiper-slide-inner\"><img decoding=\"async\" class=\"swiper-slide-image\" src=\"https:\/\/gs-breitenhagen.de\/wp-content\/uploads\/2023\/11\/Simon-150x150.jpeg\" alt=\"Simon\" \/><\/figure><\/div><div class=\"swiper-slide\" role=\"group\" aria-roledescription=\"slide\" aria-label=\"4 von 5\"><figure class=\"swiper-slide-inner\"><img decoding=\"async\" class=\"swiper-slide-image\" src=\"https:\/\/gs-breitenhagen.de\/wp-content\/uploads\/2023\/11\/Efe-150x150.jpeg\" alt=\"Efe\" \/><\/figure><\/div><div class=\"swiper-slide\" role=\"group\" aria-roledescription=\"slide\" aria-label=\"5 von 5\"><figure class=\"swiper-slide-inner\"><img decoding=\"async\" class=\"swiper-slide-image\" src=\"https:\/\/gs-breitenhagen.de\/wp-content\/uploads\/2023\/11\/Jason-150x150.jpeg\" alt=\"Jason\" \/><\/figure><\/div>\t\t\t<\/div>\n\t\t\t\t\t\t\t\t\t\t\t\t<div class=\"elementor-swiper-button elementor-swiper-button-prev\" role=\"button\" tabindex=\"0\">\n\t\t\t\t\t\t<i aria-hidden=\"true\" class=\"eicon-chevron-left\"><\/i>\t\t\t\t\t<\/div>\n\t\t\t\t\t<div class=\"elementor-swiper-button elementor-swiper-button-next\" role=\"button\" tabindex=\"0\">\n\t\t\t\t\t\t<i aria-hidden=\"true\" class=\"eicon-chevron-right\"><\/i>\t\t\t\t\t<\/div>\n\t\t\t\t\n\t\t\t\t\t\t\t\t\t<div class=\"swiper-pagination\"><\/div>\n\t\t\t\t\t\t\t\t\t<\/div>\n\t\t\t\t\t\t<\/div>\n\t\t\t\t<\/div>\n\t\t\t\t\t<\/div>\n\t\t<\/div>\n\t\t\t\t\t<\/div>\n\t\t<\/section>\n\t\t\t\t<\/div>\n\t\t","protected":false},"excerpt":{"rendered":"<p>Unser Schulhund Fay Das ist Fay: \u00a0 Steckbrief Name: Fay Rasse: Whippet Farbe: blond Geschlecht: weiblich Geburtstag: 11.10.2019 Ausbildung: Projekthunde Deutschland Frauchen: Melanie Schrenk Gute Gr\u00fcnde f\u00fcr den Einsatz eines Schulhundes in der Grundschule Mit Fay sollen stundenweise die Vorz\u00fcge der tiergest\u00fctzten P\u00e4dagogik in unserer Schule eingebracht werden. Sie kommt zum Beispiel als Lernmotivatorin und [&hellip;]<\/p>\n","protected":false},"author":3,"featured_media":0,"parent":0,"menu_order":0,"comment_status":"closed","ping_status":"closed","template":"","meta":{"footnotes":""},"class_list":["post-2678","page","type-page","status-publish","hentry","entry"],"_links":{"self":[{"href":"https:\/\/gs-breitenhagen.de\/index.php?rest_route=\/wp\/v2\/pages\/2678","targetHints":{"allow":["GET"]}}],"collection":[{"href":"https:\/\/gs-breitenhagen.de\/index.php?rest_route=\/wp\/v2\/pages"}],"about":[{"href":"https:\/\/gs-breitenhagen.de\/index.php?rest_route=\/wp\/v2\/types\/page"}],"author":[{"embeddable":true,"href":"https:\/\/gs-breitenhagen.de\/index.php?rest_route=\/wp\/v2\/users\/3"}],"replies":[{"embeddable":true,"href":"https:\/\/gs-breitenhagen.de\/index.php?rest_route=%2Fwp%2Fv2%2Fcomments&post=2678"}],"version-history":[{"count":19,"href":"https:\/\/gs-breitenhagen.de\/index.php?rest_route=\/wp\/v2\/pages\/2678\/revisions"}],"predecessor-version":[{"id":2826,"href":"https:\/\/gs-breitenhagen.de\/index.php?rest_route=\/wp\/v2\/pages\/2678\/revisions\/2826"}],"wp:attachment":[{"href":"https:\/\/gs-breitenhagen.de\/index.php?rest_route=%2Fwp%2Fv2%2Fmedia&parent=2678"}],"curies":[{"name":"wp","href":"https:\/\/api.w.org\/{rel}","templated":true}]}}