{"id":2498,"date":"2023-11-16T14:29:04","date_gmt":"2023-11-16T13:29:04","guid":{"rendered":"https:\/\/gs-breitenhagen.de\/?page_id=2498"},"modified":"2024-12-06T20:47:49","modified_gmt":"2024-12-06T19:47:49","slug":"verkauf","status":"publish","type":"page","link":"https:\/\/gs-breitenhagen.de\/?page_id=2498","title":{"rendered":"Verkauf"},"content":{"rendered":"\t\t<div data-elementor-type=\"wp-page\" data-elementor-id=\"2498\" class=\"elementor elementor-2498\">\n\t\t\t\t\t\t<section class=\"elementor-section elementor-top-section elementor-element elementor-element-cfb1785 elementor-section-boxed elementor-section-height-default elementor-section-height-default\" data-id=\"cfb1785\" data-element_type=\"section\" data-e-type=\"section\">\n\t\t\t\t\t\t<div class=\"elementor-container elementor-column-gap-default\">\n\t\t\t\t\t<div class=\"elementor-column elementor-col-100 elementor-top-column elementor-element elementor-element-e5e2c90\" data-id=\"e5e2c90\" data-element_type=\"column\" data-e-type=\"column\">\n\t\t\t<div class=\"elementor-widget-wrap elementor-element-populated\">\n\t\t\t\t\t\t<div class=\"elementor-element elementor-element-6337755 elementor-widget elementor-widget-heading\" data-id=\"6337755\" data-element_type=\"widget\" data-e-type=\"widget\" data-widget_type=\"heading.default\">\n\t\t\t\t<div class=\"elementor-widget-container\">\n\t\t\t\t\t<h2 class=\"elementor-heading-title elementor-size-default\">Unsere Produkte<\/h2>\t\t\t\t<\/div>\n\t\t\t\t<\/div>\n\t\t\t\t\t<\/div>\n\t\t<\/div>\n\t\t\t\t\t<\/div>\n\t\t<\/section>\n\t\t\t\t<section class=\"elementor-section elementor-top-section elementor-element elementor-element-a004757 elementor-section-boxed elementor-section-height-default elementor-section-height-default\" data-id=\"a004757\" data-element_type=\"section\" data-e-type=\"section\">\n\t\t\t\t\t\t<div class=\"elementor-container elementor-column-gap-default\">\n\t\t\t\t\t<div class=\"elementor-column elementor-col-100 elementor-top-column elementor-element elementor-element-d7717b1\" data-id=\"d7717b1\" data-element_type=\"column\" data-e-type=\"column\">\n\t\t\t<div class=\"elementor-widget-wrap elementor-element-populated\">\n\t\t\t\t\t\t<div class=\"elementor-element elementor-element-41eb38f elementor-widget elementor-widget-text-editor\" data-id=\"41eb38f\" data-element_type=\"widget\" data-e-type=\"widget\" data-widget_type=\"text-editor.default\">\n\t\t\t\t<div class=\"elementor-widget-container\">\n\t\t\t\t\t\t\t\t\t<p>Bestellungen k\u00f6nnen unter folgender E-Mailadresse aufgegeben werden:<br \/><strong>schulagenturbreitenhagen@web.de<\/strong><\/p><p>Die E-Mails werden nacheinander von den Kindern bearbeitet. Wenn es mehrere Interessenten f\u00fcr ein Produkt gibt, ber\u00fccksichtigen wir das Eingangsdatum der E-Mail. Sie erhalten dann eine Best\u00e4tigungsmail mit der zu bezahlenden Summe, die Sie Ihrem Kind dann, in einem beschrifteten Briefumschlag, mitgeben k\u00f6nnen.<\/p><p>Achtung: Die Produkte werden laufend aktualisiert. Schauen Sie also gerne regelm\u00e4\u00dfig vorbei!<\/p>\t\t\t\t\t\t\t\t<\/div>\n\t\t\t\t<\/div>\n\t\t\t\t\t<\/div>\n\t\t<\/div>\n\t\t\t\t\t<\/div>\n\t\t<\/section>\n\t\t\t\t<section class=\"elementor-section elementor-top-section elementor-element elementor-element-66cafa5 elementor-section-boxed elementor-section-height-default elementor-section-height-default\" data-id=\"66cafa5\" data-element_type=\"section\" data-e-type=\"section\">\n\t\t\t\t\t\t<div class=\"elementor-container elementor-column-gap-default\">\n\t\t\t\t\t<div class=\"elementor-column elementor-col-20 elementor-top-column elementor-element elementor-element-67001ac\" data-id=\"67001ac\" data-element_type=\"column\" data-e-type=\"column\">\n\t\t\t<div class=\"elementor-widget-wrap elementor-element-populated\">\n\t\t\t\t\t\t<div class=\"elementor-element elementor-element-4224e5b elementor-widget elementor-widget-image\" data-id=\"4224e5b\" data-element_type=\"widget\" data-e-type=\"widget\" data-widget_type=\"image.default\">\n\t\t\t\t<div class=\"elementor-widget-container\">\n\t\t\t\t\t\t\t\t\t\t\t\t\t\t\t<img fetchpriority=\"high\" decoding=\"async\" width=\"1024\" height=\"768\" src=\"https:\/\/gs-breitenhagen.de\/wp-content\/uploads\/2023\/11\/WhatsApp-Image-2023-11-26-at-17.41.44-1024x768.jpeg\" class=\"attachment-large size-large wp-image-2505\" alt=\"\" srcset=\"https:\/\/gs-breitenhagen.de\/wp-content\/uploads\/2023\/11\/WhatsApp-Image-2023-11-26-at-17.41.44-1024x768.jpeg 1024w, https:\/\/gs-breitenhagen.de\/wp-content\/uploads\/2023\/11\/WhatsApp-Image-2023-11-26-at-17.41.44-300x225.jpeg 300w, https:\/\/gs-breitenhagen.de\/wp-content\/uploads\/2023\/11\/WhatsApp-Image-2023-11-26-at-17.41.44-768x576.jpeg 768w, https:\/\/gs-breitenhagen.de\/wp-content\/uploads\/2023\/11\/WhatsApp-Image-2023-11-26-at-17.41.44-1536x1152.jpeg 1536w, https:\/\/gs-breitenhagen.de\/wp-content\/uploads\/2023\/11\/WhatsApp-Image-2023-11-26-at-17.41.44.jpeg 2048w\" sizes=\"(max-width: 1024px) 100vw, 1024px\" \/>\t\t\t\t\t\t\t\t\t\t\t\t\t\t\t<\/div>\n\t\t\t\t<\/div>\n\t\t\t\t<div class=\"elementor-element elementor-element-ebfc4cd elementor-button-info elementor-widget elementor-widget-button\" data-id=\"ebfc4cd\" data-element_type=\"widget\" data-e-type=\"widget\" data-widget_type=\"button.default\">\n\t\t\t\t<div class=\"elementor-widget-container\">\n\t\t\t\t\t\t\t\t\t<div class=\"elementor-button-wrapper\">\n\t\t\t\t\t<a class=\"elementor-button elementor-button-link elementor-size-xs\" href=\"https:\/\/gs-breitenhagen.de\/?page_id=2541\">\n\t\t\t\t\t\t<span class=\"elementor-button-content-wrapper\">\n\t\t\t\t\t\t\t\t\t<span class=\"elementor-button-text\">mehr Infos<\/span>\n\t\t\t\t\t<\/span>\n\t\t\t\t\t<\/a>\n\t\t\t\t<\/div>\n\t\t\t\t\t\t\t\t<\/div>\n\t\t\t\t<\/div>\n\t\t\t\t\t<\/div>\n\t\t<\/div>\n\t\t\t\t<div class=\"elementor-column elementor-col-20 elementor-top-column elementor-element elementor-element-1ab41cc\" data-id=\"1ab41cc\" data-element_type=\"column\" data-e-type=\"column\">\n\t\t\t<div class=\"elementor-widget-wrap elementor-element-populated\">\n\t\t\t\t\t\t<div class=\"elementor-element elementor-element-c9f1a66 elementor-widget elementor-widget-image\" data-id=\"c9f1a66\" data-element_type=\"widget\" data-e-type=\"widget\" data-widget_type=\"image.default\">\n\t\t\t\t<div class=\"elementor-widget-container\">\n\t\t\t\t\t\t\t\t\t\t\t\t\t\t\t<img decoding=\"async\" width=\"1024\" height=\"769\" src=\"https:\/\/gs-breitenhagen.de\/wp-content\/uploads\/2024\/12\/Lesezeichen-tiere-1024x769.jpg\" class=\"attachment-large size-large wp-image-3046\" alt=\"\" srcset=\"https:\/\/gs-breitenhagen.de\/wp-content\/uploads\/2024\/12\/Lesezeichen-tiere-1024x769.jpg 1024w, https:\/\/gs-breitenhagen.de\/wp-content\/uploads\/2024\/12\/Lesezeichen-tiere-300x225.jpg 300w, https:\/\/gs-breitenhagen.de\/wp-content\/uploads\/2024\/12\/Lesezeichen-tiere-768x577.jpg 768w, https:\/\/gs-breitenhagen.de\/wp-content\/uploads\/2024\/12\/Lesezeichen-tiere-1536x1154.jpg 1536w, https:\/\/gs-breitenhagen.de\/wp-content\/uploads\/2024\/12\/Lesezeichen-tiere.jpg 2048w\" sizes=\"(max-width: 1024px) 100vw, 1024px\" \/>\t\t\t\t\t\t\t\t\t\t\t\t\t\t\t<\/div>\n\t\t\t\t<\/div>\n\t\t\t\t<div class=\"elementor-element elementor-element-0cf4bc3 elementor-button-info elementor-widget elementor-widget-button\" data-id=\"0cf4bc3\" data-element_type=\"widget\" data-e-type=\"widget\" data-widget_type=\"button.default\">\n\t\t\t\t<div class=\"elementor-widget-container\">\n\t\t\t\t\t\t\t\t\t<div class=\"elementor-button-wrapper\">\n\t\t\t\t\t<a class=\"elementor-button elementor-button-link elementor-size-xs\" href=\"https:\/\/gs-breitenhagen.de\/?page_id=2545\">\n\t\t\t\t\t\t<span class=\"elementor-button-content-wrapper\">\n\t\t\t\t\t\t\t\t\t<span class=\"elementor-button-text\">mehr Infos<\/span>\n\t\t\t\t\t<\/span>\n\t\t\t\t\t<\/a>\n\t\t\t\t<\/div>\n\t\t\t\t\t\t\t\t<\/div>\n\t\t\t\t<\/div>\n\t\t\t\t\t<\/div>\n\t\t<\/div>\n\t\t\t\t<div class=\"elementor-column elementor-col-20 elementor-top-column elementor-element elementor-element-a3bcd7e\" data-id=\"a3bcd7e\" data-element_type=\"column\" data-e-type=\"column\">\n\t\t\t<div class=\"elementor-widget-wrap elementor-element-populated\">\n\t\t\t\t\t\t<div class=\"elementor-element elementor-element-6b4a65f elementor-widget elementor-widget-image\" data-id=\"6b4a65f\" data-element_type=\"widget\" data-e-type=\"widget\" data-widget_type=\"image.default\">\n\t\t\t\t<div class=\"elementor-widget-container\">\n\t\t\t\t\t\t\t\t\t\t\t\t\t\t\t<img decoding=\"async\" width=\"769\" height=\"1024\" src=\"https:\/\/gs-breitenhagen.de\/wp-content\/uploads\/2024\/12\/warmies-769x1024.jpg\" class=\"attachment-large size-large wp-image-3030\" alt=\"\" srcset=\"https:\/\/gs-breitenhagen.de\/wp-content\/uploads\/2024\/12\/warmies-769x1024.jpg 769w, https:\/\/gs-breitenhagen.de\/wp-content\/uploads\/2024\/12\/warmies-225x300.jpg 225w, https:\/\/gs-breitenhagen.de\/wp-content\/uploads\/2024\/12\/warmies-768x1023.jpg 768w, https:\/\/gs-breitenhagen.de\/wp-content\/uploads\/2024\/12\/warmies-1153x1536.jpg 1153w, https:\/\/gs-breitenhagen.de\/wp-content\/uploads\/2024\/12\/warmies.jpg 1537w\" sizes=\"(max-width: 769px) 100vw, 769px\" \/>\t\t\t\t\t\t\t\t\t\t\t\t\t\t\t<\/div>\n\t\t\t\t<\/div>\n\t\t\t\t<div class=\"elementor-element elementor-element-c68c8af elementor-button-info elementor-widget elementor-widget-button\" data-id=\"c68c8af\" data-element_type=\"widget\" data-e-type=\"widget\" data-widget_type=\"button.default\">\n\t\t\t\t<div class=\"elementor-widget-container\">\n\t\t\t\t\t\t\t\t\t<div class=\"elementor-button-wrapper\">\n\t\t\t\t\t<a class=\"elementor-button elementor-button-link elementor-size-sm\" href=\"https:\/\/gs-breitenhagen.de\/?page_id=2544\">\n\t\t\t\t\t\t<span class=\"elementor-button-content-wrapper\">\n\t\t\t\t\t\t\t\t\t<span class=\"elementor-button-text\">mehr Infos<\/span>\n\t\t\t\t\t<\/span>\n\t\t\t\t\t<\/a>\n\t\t\t\t<\/div>\n\t\t\t\t\t\t\t\t<\/div>\n\t\t\t\t<\/div>\n\t\t\t\t\t<\/div>\n\t\t<\/div>\n\t\t\t\t<div class=\"elementor-column elementor-col-20 elementor-top-column elementor-element elementor-element-d8ae89e\" data-id=\"d8ae89e\" data-element_type=\"column\" data-e-type=\"column\">\n\t\t\t<div class=\"elementor-widget-wrap elementor-element-populated\">\n\t\t\t\t\t\t<div class=\"elementor-element elementor-element-bdaa1a5 elementor-widget elementor-widget-image\" data-id=\"bdaa1a5\" data-element_type=\"widget\" data-e-type=\"widget\" data-widget_type=\"image.default\">\n\t\t\t\t<div class=\"elementor-widget-container\">\n\t\t\t\t\t\t\t\t\t\t\t\t\t\t\t<img loading=\"lazy\" decoding=\"async\" width=\"1024\" height=\"768\" src=\"https:\/\/gs-breitenhagen.de\/wp-content\/uploads\/2023\/11\/Briefbeschwerer-1024x768.jpeg\" class=\"attachment-large size-large wp-image-2527\" alt=\"\" srcset=\"https:\/\/gs-breitenhagen.de\/wp-content\/uploads\/2023\/11\/Briefbeschwerer-1024x768.jpeg 1024w, https:\/\/gs-breitenhagen.de\/wp-content\/uploads\/2023\/11\/Briefbeschwerer-300x225.jpeg 300w, https:\/\/gs-breitenhagen.de\/wp-content\/uploads\/2023\/11\/Briefbeschwerer-768x576.jpeg 768w, https:\/\/gs-breitenhagen.de\/wp-content\/uploads\/2023\/11\/Briefbeschwerer-1536x1152.jpeg 1536w, https:\/\/gs-breitenhagen.de\/wp-content\/uploads\/2023\/11\/Briefbeschwerer-rotated.jpeg 2048w\" sizes=\"(max-width: 1024px) 100vw, 1024px\" \/>\t\t\t\t\t\t\t\t\t\t\t\t\t\t\t<\/div>\n\t\t\t\t<\/div>\n\t\t\t\t<div class=\"elementor-element elementor-element-147141c elementor-button-info elementor-widget elementor-widget-button\" data-id=\"147141c\" data-element_type=\"widget\" data-e-type=\"widget\" data-widget_type=\"button.default\">\n\t\t\t\t<div class=\"elementor-widget-container\">\n\t\t\t\t\t\t\t\t\t<div class=\"elementor-button-wrapper\">\n\t\t\t\t\t<a class=\"elementor-button elementor-button-link elementor-size-sm\" href=\"https:\/\/gs-breitenhagen.de\/?page_id=2543\">\n\t\t\t\t\t\t<span class=\"elementor-button-content-wrapper\">\n\t\t\t\t\t\t\t\t\t<span class=\"elementor-button-text\">mehr Infos<\/span>\n\t\t\t\t\t<\/span>\n\t\t\t\t\t<\/a>\n\t\t\t\t<\/div>\n\t\t\t\t\t\t\t\t<\/div>\n\t\t\t\t<\/div>\n\t\t\t\t\t<\/div>\n\t\t<\/div>\n\t\t\t\t<div class=\"elementor-column elementor-col-20 elementor-top-column elementor-element elementor-element-97d4f94\" data-id=\"97d4f94\" data-element_type=\"column\" data-e-type=\"column\">\n\t\t\t<div class=\"elementor-widget-wrap elementor-element-populated\">\n\t\t\t\t\t\t<div class=\"elementor-element elementor-element-c931e51 elementor-widget elementor-widget-image\" data-id=\"c931e51\" data-element_type=\"widget\" data-e-type=\"widget\" data-widget_type=\"image.default\">\n\t\t\t\t<div class=\"elementor-widget-container\">\n\t\t\t\t\t\t\t\t\t\t\t\t\t\t\t<img loading=\"lazy\" decoding=\"async\" width=\"1024\" height=\"769\" src=\"https:\/\/gs-breitenhagen.de\/wp-content\/uploads\/2024\/12\/squishies-armbaender-1024x769.jpg\" class=\"attachment-large size-large wp-image-3034\" alt=\"\" srcset=\"https:\/\/gs-breitenhagen.de\/wp-content\/uploads\/2024\/12\/squishies-armbaender-1024x769.jpg 1024w, https:\/\/gs-breitenhagen.de\/wp-content\/uploads\/2024\/12\/squishies-armbaender-300x225.jpg 300w, https:\/\/gs-breitenhagen.de\/wp-content\/uploads\/2024\/12\/squishies-armbaender-768x576.jpg 768w, https:\/\/gs-breitenhagen.de\/wp-content\/uploads\/2024\/12\/squishies-armbaender-1536x1153.jpg 1536w, https:\/\/gs-breitenhagen.de\/wp-content\/uploads\/2024\/12\/squishies-armbaender.jpg 2048w\" sizes=\"(max-width: 1024px) 100vw, 1024px\" \/>\t\t\t\t\t\t\t\t\t\t\t\t\t\t\t<\/div>\n\t\t\t\t<\/div>\n\t\t\t\t<div class=\"elementor-element elementor-element-30fcb7c elementor-button-info elementor-widget elementor-widget-button\" data-id=\"30fcb7c\" data-element_type=\"widget\" data-e-type=\"widget\" data-widget_type=\"button.default\">\n\t\t\t\t<div class=\"elementor-widget-container\">\n\t\t\t\t\t\t\t\t\t<div class=\"elementor-button-wrapper\">\n\t\t\t\t\t<a class=\"elementor-button elementor-button-link elementor-size-sm\" href=\"https:\/\/gs-breitenhagen.de\/?page_id=2586\">\n\t\t\t\t\t\t<span class=\"elementor-button-content-wrapper\">\n\t\t\t\t\t\t\t\t\t<span class=\"elementor-button-text\">mehr Infos<\/span>\n\t\t\t\t\t<\/span>\n\t\t\t\t\t<\/a>\n\t\t\t\t<\/div>\n\t\t\t\t\t\t\t\t<\/div>\n\t\t\t\t<\/div>\n\t\t\t\t\t<\/div>\n\t\t<\/div>\n\t\t\t\t\t<\/div>\n\t\t<\/section>\n\t\t\t\t<section class=\"elementor-section elementor-top-section elementor-element elementor-element-82044c8 elementor-section-boxed elementor-section-height-default elementor-section-height-default\" data-id=\"82044c8\" data-element_type=\"section\" data-e-type=\"section\">\n\t\t\t\t\t\t<div class=\"elementor-container elementor-column-gap-default\">\n\t\t\t\t\t<div class=\"elementor-column elementor-col-100 elementor-top-column elementor-element elementor-element-3b7e61f\" data-id=\"3b7e61f\" data-element_type=\"column\" data-e-type=\"column\">\n\t\t\t<div class=\"elementor-widget-wrap\">\n\t\t\t\t\t\t\t<\/div>\n\t\t<\/div>\n\t\t\t\t\t<\/div>\n\t\t<\/section>\n\t\t\t\t<section class=\"elementor-section elementor-top-section elementor-element elementor-element-e4a84c0 elementor-section-boxed elementor-section-height-default elementor-section-height-default\" data-id=\"e4a84c0\" data-element_type=\"section\" data-e-type=\"section\">\n\t\t\t\t\t\t<div class=\"elementor-container elementor-column-gap-default\">\n\t\t\t\t\t<div class=\"elementor-column elementor-col-20 elementor-top-column elementor-element elementor-element-a020f38\" data-id=\"a020f38\" data-element_type=\"column\" data-e-type=\"column\">\n\t\t\t<div class=\"elementor-widget-wrap elementor-element-populated\">\n\t\t\t\t\t\t<div class=\"elementor-element elementor-element-0522237 elementor-widget elementor-widget-image\" data-id=\"0522237\" data-element_type=\"widget\" data-e-type=\"widget\" data-widget_type=\"image.default\">\n\t\t\t\t<div class=\"elementor-widget-container\">\n\t\t\t\t\t\t\t\t\t\t\t\t\t\t\t<img loading=\"lazy\" decoding=\"async\" width=\"769\" height=\"1024\" src=\"https:\/\/gs-breitenhagen.de\/wp-content\/uploads\/2024\/12\/Scrunchies-769x1024.jpg\" class=\"attachment-large size-large wp-image-3038\" alt=\"\" srcset=\"https:\/\/gs-breitenhagen.de\/wp-content\/uploads\/2024\/12\/Scrunchies-769x1024.jpg 769w, https:\/\/gs-breitenhagen.de\/wp-content\/uploads\/2024\/12\/Scrunchies-225x300.jpg 225w, https:\/\/gs-breitenhagen.de\/wp-content\/uploads\/2024\/12\/Scrunchies-768x1023.jpg 768w, https:\/\/gs-breitenhagen.de\/wp-content\/uploads\/2024\/12\/Scrunchies-1153x1536.jpg 1153w, https:\/\/gs-breitenhagen.de\/wp-content\/uploads\/2024\/12\/Scrunchies.jpg 1537w\" sizes=\"(max-width: 769px) 100vw, 769px\" \/>\t\t\t\t\t\t\t\t\t\t\t\t\t\t\t<\/div>\n\t\t\t\t<\/div>\n\t\t\t\t<div class=\"elementor-element elementor-element-3960711 elementor-button-info elementor-widget elementor-widget-button\" data-id=\"3960711\" data-element_type=\"widget\" data-e-type=\"widget\" data-widget_type=\"button.default\">\n\t\t\t\t<div class=\"elementor-widget-container\">\n\t\t\t\t\t\t\t\t\t<div class=\"elementor-button-wrapper\">\n\t\t\t\t\t<a class=\"elementor-button elementor-button-link elementor-size-sm\" href=\"https:\/\/gs-breitenhagen.de\/?page_id=2542\">\n\t\t\t\t\t\t<span class=\"elementor-button-content-wrapper\">\n\t\t\t\t\t\t\t\t\t<span class=\"elementor-button-text\">mehr Infos<\/span>\n\t\t\t\t\t<\/span>\n\t\t\t\t\t<\/a>\n\t\t\t\t<\/div>\n\t\t\t\t\t\t\t\t<\/div>\n\t\t\t\t<\/div>\n\t\t\t\t\t<\/div>\n\t\t<\/div>\n\t\t\t\t<div class=\"elementor-column elementor-col-20 elementor-top-column elementor-element elementor-element-c2dfd19\" data-id=\"c2dfd19\" data-element_type=\"column\" data-e-type=\"column\">\n\t\t\t<div class=\"elementor-widget-wrap\">\n\t\t\t\t\t\t\t<\/div>\n\t\t<\/div>\n\t\t\t\t<div class=\"elementor-column elementor-col-20 elementor-top-column elementor-element elementor-element-3118e38\" data-id=\"3118e38\" data-element_type=\"column\" data-e-type=\"column\">\n\t\t\t<div class=\"elementor-widget-wrap\">\n\t\t\t\t\t\t\t<\/div>\n\t\t<\/div>\n\t\t\t\t<div class=\"elementor-column elementor-col-20 elementor-top-column elementor-element elementor-element-b9aef43\" data-id=\"b9aef43\" data-element_type=\"column\" data-e-type=\"column\">\n\t\t\t<div class=\"elementor-widget-wrap\">\n\t\t\t\t\t\t\t<\/div>\n\t\t<\/div>\n\t\t\t\t<div class=\"elementor-column elementor-col-20 elementor-top-column elementor-element elementor-element-32e9b89\" data-id=\"32e9b89\" data-element_type=\"column\" data-e-type=\"column\">\n\t\t\t<div class=\"elementor-widget-wrap\">\n\t\t\t\t\t\t\t<\/div>\n\t\t<\/div>\n\t\t\t\t\t<\/div>\n\t\t<\/section>\n\t\t\t\t<\/div>\n\t\t","protected":false},"excerpt":{"rendered":"<p>Unsere Produkte Bestellungen k\u00f6nnen unter folgender E-Mailadresse aufgegeben werden:schulagenturbreitenhagen@web.de Die E-Mails werden nacheinander von den Kindern bearbeitet. Wenn es mehrere Interessenten f\u00fcr ein Produkt gibt, ber\u00fccksichtigen wir das Eingangsdatum der E-Mail. Sie erhalten dann eine Best\u00e4tigungsmail mit der zu bezahlenden Summe, die Sie Ihrem Kind dann, in einem beschrifteten Briefumschlag, mitgeben k\u00f6nnen. Achtung: Die Produkte [&hellip;]<\/p>\n","protected":false},"author":3,"featured_media":0,"parent":0,"menu_order":0,"comment_status":"closed","ping_status":"closed","template":"","meta":{"footnotes":""},"class_list":["post-2498","page","type-page","status-publish","hentry","entry"],"_links":{"self":[{"href":"https:\/\/gs-breitenhagen.de\/index.php?rest_route=\/wp\/v2\/pages\/2498","targetHints":{"allow":["GET"]}}],"collection":[{"href":"https:\/\/gs-breitenhagen.de\/index.php?rest_route=\/wp\/v2\/pages"}],"about":[{"href":"https:\/\/gs-breitenhagen.de\/index.php?rest_route=\/wp\/v2\/types\/page"}],"author":[{"embeddable":true,"href":"https:\/\/gs-breitenhagen.de\/index.php?rest_route=\/wp\/v2\/users\/3"}],"replies":[{"embeddable":true,"href":"https:\/\/gs-breitenhagen.de\/index.php?rest_route=%2Fwp%2Fv2%2Fcomments&post=2498"}],"version-history":[{"count":40,"href":"https:\/\/gs-breitenhagen.de\/index.php?rest_route=\/wp\/v2\/pages\/2498\/revisions"}],"predecessor-version":[{"id":3062,"href":"https:\/\/gs-breitenhagen.de\/index.php?rest_route=\/wp\/v2\/pages\/2498\/revisions\/3062"}],"wp:attachment":[{"href":"https:\/\/gs-breitenhagen.de\/index.php?rest_route=%2Fwp%2Fv2%2Fmedia&parent=2498"}],"curies":[{"name":"wp","href":"https:\/\/api.w.org\/{rel}","templated":true}]}}