{"id":1770,"date":"2023-03-05T16:51:06","date_gmt":"2023-03-05T15:51:06","guid":{"rendered":"https:\/\/gs-breitenhagen.de\/?page_id=1770"},"modified":"2023-06-22T15:56:36","modified_gmt":"2023-06-22T13:56:36","slug":"betreuung","status":"publish","type":"page","link":"https:\/\/gs-breitenhagen.de\/?page_id=1770","title":{"rendered":"Betreuung"},"content":{"rendered":"\t\t<div data-elementor-type=\"wp-page\" data-elementor-id=\"1770\" class=\"elementor elementor-1770\">\n\t\t\t\t\t\t<section class=\"elementor-section elementor-top-section elementor-element elementor-element-d0acb72 elementor-section-boxed elementor-section-height-default elementor-section-height-default\" data-id=\"d0acb72\" data-element_type=\"section\" data-e-type=\"section\">\n\t\t\t\t\t\t<div class=\"elementor-container elementor-column-gap-default\">\n\t\t\t\t\t<div class=\"elementor-column elementor-col-100 elementor-top-column elementor-element elementor-element-654800b\" data-id=\"654800b\" data-element_type=\"column\" data-e-type=\"column\">\n\t\t\t<div class=\"elementor-widget-wrap elementor-element-populated\">\n\t\t\t\t\t\t<div class=\"elementor-element elementor-element-3f56bf2 elementor-widget elementor-widget-heading\" data-id=\"3f56bf2\" data-element_type=\"widget\" data-e-type=\"widget\" data-widget_type=\"heading.default\">\n\t\t\t\t<div class=\"elementor-widget-container\">\n\t\t\t\t\t<h2 class=\"elementor-heading-title elementor-size-default\">Unsere Betreuung<\/h2>\t\t\t\t<\/div>\n\t\t\t\t<\/div>\n\t\t\t\t\t<\/div>\n\t\t<\/div>\n\t\t\t\t\t<\/div>\n\t\t<\/section>\n\t\t\t\t<section class=\"elementor-section elementor-top-section elementor-element elementor-element-71bcba1 elementor-section-boxed elementor-section-height-default elementor-section-height-default\" data-id=\"71bcba1\" data-element_type=\"section\" data-e-type=\"section\">\n\t\t\t\t\t\t<div class=\"elementor-container elementor-column-gap-default\">\n\t\t\t\t\t<div class=\"elementor-column elementor-col-100 elementor-top-column elementor-element elementor-element-519fc3b\" data-id=\"519fc3b\" data-element_type=\"column\" data-e-type=\"column\">\n\t\t\t<div class=\"elementor-widget-wrap elementor-element-populated\">\n\t\t\t\t\t\t<div class=\"elementor-element elementor-element-ecfb922 elementor-widget elementor-widget-text-editor\" data-id=\"ecfb922\" data-element_type=\"widget\" data-e-type=\"widget\" data-widget_type=\"text-editor.default\">\n\t\t\t\t<div class=\"elementor-widget-container\">\n\t\t\t\t\t\t\t\t\t<p>Der Betreuungsverein der Grundschule Breitenhagen wurde am 21.09.2006 von Eltern gegr\u00fcndet, um die Betreuung der Schulkinder in der unterrichtsfreien Zeit zu gew\u00e4hrleisten.<br \/>Im Rahmen der Schulentwicklung wurde im Schuljahr 2013\/ 2014 ein neuer Tr\u00e4ger f\u00fcr die Betreuung gesucht. Mit dem Ev. Kirchenkreis Iserlohn haben wir einen verl\u00e4sslichen Partner gefunden. Im Schuljahr 2014\/ 2015 wurde die Betreuung \u201eDreizehn Plus\u201c eingef\u00fchrt.<br \/>Im Schuljahr 2020\/21 wurde nach umfangreichen Umbauma\u00dfnahmen die Betreuung 13 Plus abgeschafft und die OGS wurde an unserer Schule eingef\u00fchrt.<br \/>Aktuell nehmen 51 Sch\u00fcler\/innen das Betreuungsangebot in Anspruch.<\/p><p>Die Betreuung er\u00f6ffnet den Kindern folgende M\u00f6glichkeiten:<\/p><ul><li>\u00a0Betreuung f\u00fcr die Zeit vor und nach dem Unterricht<\/li><li>m\u00f6gliche Hausaufgabenzeit<\/li><li>individuelle Spielm\u00f6glichkeiten in den Gruppenr\u00e4umen oder auf dem Schulhof<\/li><\/ul><div>Neben sportlichen Angeboten, erm\u00f6glicht die Gestaltung der Gruppenr\u00e4ume verschiedene Lese-, Spiel- und Bastelangebote.\u00a0<\/div><p>Ziel der Betreuungsarbeit ist es, Kindern Gelegenheit zu geben, das Spielen miteinander zu lernen, den Erfolg einer Bastelarbeit zu genie\u00dfen oder neue Freizeitbesch\u00e4ftigungen zu entdecken.<\/p><p>\u00a0<\/p>\t\t\t\t\t\t\t\t<\/div>\n\t\t\t\t<\/div>\n\t\t\t\t\t<\/div>\n\t\t<\/div>\n\t\t\t\t\t<\/div>\n\t\t<\/section>\n\t\t\t\t<\/div>\n\t\t","protected":false},"excerpt":{"rendered":"<p>Unsere Betreuung Der Betreuungsverein der Grundschule Breitenhagen wurde am 21.09.2006 von Eltern gegr\u00fcndet, um die Betreuung der Schulkinder in der unterrichtsfreien Zeit zu gew\u00e4hrleisten.Im Rahmen der Schulentwicklung wurde im Schuljahr 2013\/ 2014 ein neuer Tr\u00e4ger f\u00fcr die Betreuung gesucht. Mit dem Ev. Kirchenkreis Iserlohn haben wir einen verl\u00e4sslichen Partner gefunden. Im Schuljahr 2014\/ 2015 wurde [&hellip;]<\/p>\n","protected":false},"author":1,"featured_media":0,"parent":0,"menu_order":0,"comment_status":"closed","ping_status":"closed","template":"","meta":{"footnotes":""},"class_list":["post-1770","page","type-page","status-publish","hentry","entry"],"_links":{"self":[{"href":"https:\/\/gs-breitenhagen.de\/index.php?rest_route=\/wp\/v2\/pages\/1770","targetHints":{"allow":["GET"]}}],"collection":[{"href":"https:\/\/gs-breitenhagen.de\/index.php?rest_route=\/wp\/v2\/pages"}],"about":[{"href":"https:\/\/gs-breitenhagen.de\/index.php?rest_route=\/wp\/v2\/types\/page"}],"author":[{"embeddable":true,"href":"https:\/\/gs-breitenhagen.de\/index.php?rest_route=\/wp\/v2\/users\/1"}],"replies":[{"embeddable":true,"href":"https:\/\/gs-breitenhagen.de\/index.php?rest_route=%2Fwp%2Fv2%2Fcomments&post=1770"}],"version-history":[{"count":12,"href":"https:\/\/gs-breitenhagen.de\/index.php?rest_route=\/wp\/v2\/pages\/1770\/revisions"}],"predecessor-version":[{"id":2253,"href":"https:\/\/gs-breitenhagen.de\/index.php?rest_route=\/wp\/v2\/pages\/1770\/revisions\/2253"}],"wp:attachment":[{"href":"https:\/\/gs-breitenhagen.de\/index.php?rest_route=%2Fwp%2Fv2%2Fmedia&parent=1770"}],"curies":[{"name":"wp","href":"https:\/\/api.w.org\/{rel}","templated":true}]}}