{"id":1754,"date":"2023-03-05T16:40:51","date_gmt":"2023-03-05T15:40:51","guid":{"rendered":"https:\/\/gs-breitenhagen.de\/?page_id=1754"},"modified":"2023-06-22T10:23:30","modified_gmt":"2023-06-22T08:23:30","slug":"offener-ganztag","status":"publish","type":"page","link":"https:\/\/gs-breitenhagen.de\/?page_id=1754","title":{"rendered":"Offener Ganztag"},"content":{"rendered":"\t\t<div data-elementor-type=\"wp-page\" data-elementor-id=\"1754\" class=\"elementor elementor-1754\">\n\t\t\t\t\t\t<section class=\"elementor-section elementor-top-section elementor-element elementor-element-293a9f2 elementor-section-boxed elementor-section-height-default elementor-section-height-default\" data-id=\"293a9f2\" data-element_type=\"section\" data-e-type=\"section\">\n\t\t\t\t\t\t<div class=\"elementor-container elementor-column-gap-default\">\n\t\t\t\t\t<div class=\"elementor-column elementor-col-100 elementor-top-column elementor-element elementor-element-796af30\" data-id=\"796af30\" data-element_type=\"column\" data-e-type=\"column\">\n\t\t\t<div class=\"elementor-widget-wrap elementor-element-populated\">\n\t\t\t\t\t\t<div class=\"elementor-element elementor-element-7e0f6f9 elementor-widget elementor-widget-heading\" data-id=\"7e0f6f9\" data-element_type=\"widget\" data-e-type=\"widget\" data-widget_type=\"heading.default\">\n\t\t\t\t<div class=\"elementor-widget-container\">\n\t\t\t\t\t<h2 class=\"elementor-heading-title elementor-size-default\">Offener Ganztag<\/h2>\t\t\t\t<\/div>\n\t\t\t\t<\/div>\n\t\t\t\t\t<\/div>\n\t\t<\/div>\n\t\t\t\t\t<\/div>\n\t\t<\/section>\n\t\t\t\t<section class=\"elementor-section elementor-top-section elementor-element elementor-element-7fbfb49 elementor-section-boxed elementor-section-height-default elementor-section-height-default\" data-id=\"7fbfb49\" data-element_type=\"section\" data-e-type=\"section\">\n\t\t\t\t\t\t<div class=\"elementor-container elementor-column-gap-default\">\n\t\t\t\t\t<div class=\"elementor-column elementor-col-100 elementor-top-column elementor-element elementor-element-40e070b\" data-id=\"40e070b\" data-element_type=\"column\" data-e-type=\"column\">\n\t\t\t<div class=\"elementor-widget-wrap elementor-element-populated\">\n\t\t\t\t\t\t<div class=\"elementor-element elementor-element-3c99844 elementor-widget elementor-widget-text-editor\" data-id=\"3c99844\" data-element_type=\"widget\" data-e-type=\"widget\" data-widget_type=\"text-editor.default\">\n\t\t\t\t<div class=\"elementor-widget-container\">\n\t\t\t\t\t\t\t\t\t<p><strong>Die Betreuung am Nachmittag wird verl\u00e4sslich, das hei\u00dft von Montag bis Freitag jeweils nach dem regul\u00e4ren Unterricht, l\u00e4ngstens bis 16 Uhr angeboten.<\/strong><\/p><ul><li><p>Sie findet nach dem regul\u00e4ren Unterrichtsvormittag statt.<\/p><\/li><li><p>Die Sch\u00fcler\/innen erhalten eine Mittagsverpflegung.<\/p><\/li><li><p>Es findet eine Hausaufgabenbetreuung (durch Lehrkr\u00e4fte und OGS-Mitarbeiter\/innen) statt.<\/p><\/li><li><p>Es gibt Freizeitphasen mit musischen, sportlichen und kreativen Lernangeboten.<\/p><\/li><\/ul>\t\t\t\t\t\t\t\t<\/div>\n\t\t\t\t<\/div>\n\t\t\t\t\t<\/div>\n\t\t<\/div>\n\t\t\t\t\t<\/div>\n\t\t<\/section>\n\t\t\t\t<section class=\"elementor-section elementor-top-section elementor-element elementor-element-421991e elementor-section-boxed elementor-section-height-default elementor-section-height-default\" data-id=\"421991e\" data-element_type=\"section\" data-e-type=\"section\">\n\t\t\t\t\t\t<div class=\"elementor-container elementor-column-gap-default\">\n\t\t\t\t\t<div class=\"elementor-column elementor-col-33 elementor-top-column elementor-element elementor-element-0e07e86\" data-id=\"0e07e86\" data-element_type=\"column\" data-e-type=\"column\">\n\t\t\t<div class=\"elementor-widget-wrap elementor-element-populated\">\n\t\t\t\t\t\t<div class=\"elementor-element elementor-element-aee25d3 elementor-widget elementor-widget-image\" data-id=\"aee25d3\" data-element_type=\"widget\" data-e-type=\"widget\" data-widget_type=\"image.default\">\n\t\t\t\t<div class=\"elementor-widget-container\">\n\t\t\t\t\t\t\t\t\t\t\t\t\t\t\t<img fetchpriority=\"high\" decoding=\"async\" width=\"1024\" height=\"768\" src=\"https:\/\/gs-breitenhagen.de\/wp-content\/uploads\/2023\/01\/OGS-4-1024x768.jpg\" class=\"attachment-large size-large wp-image-1504\" alt=\"\" srcset=\"https:\/\/gs-breitenhagen.de\/wp-content\/uploads\/2023\/01\/OGS-4-1024x768.jpg 1024w, https:\/\/gs-breitenhagen.de\/wp-content\/uploads\/2023\/01\/OGS-4-300x225.jpg 300w, https:\/\/gs-breitenhagen.de\/wp-content\/uploads\/2023\/01\/OGS-4-768x576.jpg 768w, https:\/\/gs-breitenhagen.de\/wp-content\/uploads\/2023\/01\/OGS-4-1536x1152.jpg 1536w, https:\/\/gs-breitenhagen.de\/wp-content\/uploads\/2023\/01\/OGS-4.jpg 1600w\" sizes=\"(max-width: 1024px) 100vw, 1024px\" \/>\t\t\t\t\t\t\t\t\t\t\t\t\t\t\t<\/div>\n\t\t\t\t<\/div>\n\t\t\t\t\t<\/div>\n\t\t<\/div>\n\t\t\t\t<div class=\"elementor-column elementor-col-33 elementor-top-column elementor-element elementor-element-d32539d\" data-id=\"d32539d\" data-element_type=\"column\" data-e-type=\"column\">\n\t\t\t<div class=\"elementor-widget-wrap elementor-element-populated\">\n\t\t\t\t\t\t<div class=\"elementor-element elementor-element-169d145 elementor-widget elementor-widget-image\" data-id=\"169d145\" data-element_type=\"widget\" data-e-type=\"widget\" data-widget_type=\"image.default\">\n\t\t\t\t<div class=\"elementor-widget-container\">\n\t\t\t\t\t\t\t\t\t\t\t\t\t\t\t<img decoding=\"async\" width=\"1024\" height=\"768\" src=\"https:\/\/gs-breitenhagen.de\/wp-content\/uploads\/2023\/01\/OGS-2-1024x768.jpg\" class=\"attachment-large size-large wp-image-1502\" alt=\"\" srcset=\"https:\/\/gs-breitenhagen.de\/wp-content\/uploads\/2023\/01\/OGS-2-1024x768.jpg 1024w, https:\/\/gs-breitenhagen.de\/wp-content\/uploads\/2023\/01\/OGS-2-300x225.jpg 300w, https:\/\/gs-breitenhagen.de\/wp-content\/uploads\/2023\/01\/OGS-2-768x576.jpg 768w, https:\/\/gs-breitenhagen.de\/wp-content\/uploads\/2023\/01\/OGS-2-1536x1152.jpg 1536w, https:\/\/gs-breitenhagen.de\/wp-content\/uploads\/2023\/01\/OGS-2.jpg 1600w\" sizes=\"(max-width: 1024px) 100vw, 1024px\" \/>\t\t\t\t\t\t\t\t\t\t\t\t\t\t\t<\/div>\n\t\t\t\t<\/div>\n\t\t\t\t\t<\/div>\n\t\t<\/div>\n\t\t\t\t<div class=\"elementor-column elementor-col-33 elementor-top-column elementor-element elementor-element-a396906\" data-id=\"a396906\" data-element_type=\"column\" data-e-type=\"column\">\n\t\t\t<div class=\"elementor-widget-wrap elementor-element-populated\">\n\t\t\t\t\t\t<div class=\"elementor-element elementor-element-3852e94 elementor-widget elementor-widget-image\" data-id=\"3852e94\" data-element_type=\"widget\" data-e-type=\"widget\" data-widget_type=\"image.default\">\n\t\t\t\t<div class=\"elementor-widget-container\">\n\t\t\t\t\t\t\t\t\t\t\t\t\t\t\t<img decoding=\"async\" width=\"1024\" height=\"768\" src=\"https:\/\/gs-breitenhagen.de\/wp-content\/uploads\/2023\/01\/OGS-3-1024x768.jpg\" class=\"attachment-large size-large wp-image-1503\" alt=\"\" srcset=\"https:\/\/gs-breitenhagen.de\/wp-content\/uploads\/2023\/01\/OGS-3-1024x768.jpg 1024w, https:\/\/gs-breitenhagen.de\/wp-content\/uploads\/2023\/01\/OGS-3-300x225.jpg 300w, https:\/\/gs-breitenhagen.de\/wp-content\/uploads\/2023\/01\/OGS-3-768x576.jpg 768w, https:\/\/gs-breitenhagen.de\/wp-content\/uploads\/2023\/01\/OGS-3-1536x1152.jpg 1536w, https:\/\/gs-breitenhagen.de\/wp-content\/uploads\/2023\/01\/OGS-3.jpg 1600w\" sizes=\"(max-width: 1024px) 100vw, 1024px\" \/>\t\t\t\t\t\t\t\t\t\t\t\t\t\t\t<\/div>\n\t\t\t\t<\/div>\n\t\t\t\t\t<\/div>\n\t\t<\/div>\n\t\t\t\t\t<\/div>\n\t\t<\/section>\n\t\t\t\t<\/div>\n\t\t","protected":false},"excerpt":{"rendered":"<p>Offener Ganztag Die Betreuung am Nachmittag wird verl\u00e4sslich, das hei\u00dft von Montag bis Freitag jeweils nach dem regul\u00e4ren Unterricht, l\u00e4ngstens bis 16 Uhr angeboten. Sie findet nach dem regul\u00e4ren Unterrichtsvormittag statt. Die Sch\u00fcler\/innen erhalten eine Mittagsverpflegung. Es findet eine Hausaufgabenbetreuung (durch Lehrkr\u00e4fte und OGS-Mitarbeiter\/innen) statt. Es gibt Freizeitphasen mit musischen, sportlichen und kreativen Lernangeboten.<\/p>\n","protected":false},"author":1,"featured_media":0,"parent":0,"menu_order":0,"comment_status":"closed","ping_status":"closed","template":"","meta":{"footnotes":""},"class_list":["post-1754","page","type-page","status-publish","hentry","entry"],"_links":{"self":[{"href":"https:\/\/gs-breitenhagen.de\/index.php?rest_route=\/wp\/v2\/pages\/1754","targetHints":{"allow":["GET"]}}],"collection":[{"href":"https:\/\/gs-breitenhagen.de\/index.php?rest_route=\/wp\/v2\/pages"}],"about":[{"href":"https:\/\/gs-breitenhagen.de\/index.php?rest_route=\/wp\/v2\/types\/page"}],"author":[{"embeddable":true,"href":"https:\/\/gs-breitenhagen.de\/index.php?rest_route=\/wp\/v2\/users\/1"}],"replies":[{"embeddable":true,"href":"https:\/\/gs-breitenhagen.de\/index.php?rest_route=%2Fwp%2Fv2%2Fcomments&post=1754"}],"version-history":[{"count":10,"href":"https:\/\/gs-breitenhagen.de\/index.php?rest_route=\/wp\/v2\/pages\/1754\/revisions"}],"predecessor-version":[{"id":2187,"href":"https:\/\/gs-breitenhagen.de\/index.php?rest_route=\/wp\/v2\/pages\/1754\/revisions\/2187"}],"wp:attachment":[{"href":"https:\/\/gs-breitenhagen.de\/index.php?rest_route=%2Fwp%2Fv2%2Fmedia&parent=1754"}],"curies":[{"name":"wp","href":"https:\/\/api.w.org\/{rel}","templated":true}]}}