{"id":1730,"date":"2023-03-05T16:36:00","date_gmt":"2023-03-05T15:36:00","guid":{"rendered":"https:\/\/gs-breitenhagen.de\/?page_id=1730"},"modified":"2023-07-05T19:02:05","modified_gmt":"2023-07-05T17:02:05","slug":"busse-mvg","status":"publish","type":"page","link":"https:\/\/gs-breitenhagen.de\/?page_id=1730","title":{"rendered":"garten der freundlichkeit"},"content":{"rendered":"\t\t<div data-elementor-type=\"wp-page\" data-elementor-id=\"1730\" class=\"elementor elementor-1730\">\n\t\t\t\t\t\t<section class=\"elementor-section elementor-top-section elementor-element elementor-element-762fc48 elementor-section-boxed elementor-section-height-default elementor-section-height-default\" data-id=\"762fc48\" data-element_type=\"section\" data-e-type=\"section\">\n\t\t\t\t\t\t<div class=\"elementor-container elementor-column-gap-default\">\n\t\t\t\t\t<div class=\"elementor-column elementor-col-100 elementor-top-column elementor-element elementor-element-30b474f\" data-id=\"30b474f\" data-element_type=\"column\" data-e-type=\"column\">\n\t\t\t<div class=\"elementor-widget-wrap elementor-element-populated\">\n\t\t\t\t\t\t<div class=\"elementor-element elementor-element-aca4f04 elementor-widget elementor-widget-heading\" data-id=\"aca4f04\" data-element_type=\"widget\" data-e-type=\"widget\" data-widget_type=\"heading.default\">\n\t\t\t\t<div class=\"elementor-widget-container\">\n\t\t\t\t\t<h2 class=\"elementor-heading-title elementor-size-default\">Garten der Freundlichkeit<\/h2>\t\t\t\t<\/div>\n\t\t\t\t<\/div>\n\t\t\t\t\t<\/div>\n\t\t<\/div>\n\t\t\t\t\t<\/div>\n\t\t<\/section>\n\t\t\t\t<section class=\"elementor-section elementor-top-section elementor-element elementor-element-be1a253 elementor-section-boxed elementor-section-height-default elementor-section-height-default\" data-id=\"be1a253\" data-element_type=\"section\" data-e-type=\"section\">\n\t\t\t\t\t\t<div class=\"elementor-container elementor-column-gap-default\">\n\t\t\t\t\t<div class=\"elementor-column elementor-col-100 elementor-top-column elementor-element elementor-element-2f73a7a\" data-id=\"2f73a7a\" data-element_type=\"column\" data-e-type=\"column\">\n\t\t\t<div class=\"elementor-widget-wrap elementor-element-populated\">\n\t\t\t\t\t\t<div class=\"elementor-element elementor-element-e8db806 elementor-widget__width-inherit elementor-widget elementor-widget-image\" data-id=\"e8db806\" data-element_type=\"widget\" data-e-type=\"widget\" data-widget_type=\"image.default\">\n\t\t\t\t<div class=\"elementor-widget-container\">\n\t\t\t\t\t\t\t\t\t\t\t\t\t\t\t<img fetchpriority=\"high\" decoding=\"async\" width=\"1000\" height=\"630\" src=\"https:\/\/gs-breitenhagen.de\/wp-content\/uploads\/2023\/07\/IMG_1881.jpg\" class=\"attachment-full size-full wp-image-2309\" alt=\"\" srcset=\"https:\/\/gs-breitenhagen.de\/wp-content\/uploads\/2023\/07\/IMG_1881.jpg 1000w, https:\/\/gs-breitenhagen.de\/wp-content\/uploads\/2023\/07\/IMG_1881-300x189.jpg 300w, https:\/\/gs-breitenhagen.de\/wp-content\/uploads\/2023\/07\/IMG_1881-768x484.jpg 768w\" sizes=\"(max-width: 1000px) 100vw, 1000px\" \/>\t\t\t\t\t\t\t\t\t\t\t\t\t\t\t<\/div>\n\t\t\t\t<\/div>\n\t\t\t\t\t<\/div>\n\t\t<\/div>\n\t\t\t\t\t<\/div>\n\t\t<\/section>\n\t\t\t\t<section class=\"elementor-section elementor-top-section elementor-element elementor-element-e0cdab5 elementor-section-boxed elementor-section-height-default elementor-section-height-default\" data-id=\"e0cdab5\" data-element_type=\"section\" data-e-type=\"section\">\n\t\t\t\t\t\t<div class=\"elementor-container elementor-column-gap-default\">\n\t\t\t\t\t<div class=\"elementor-column elementor-col-100 elementor-top-column elementor-element elementor-element-d449eb6\" data-id=\"d449eb6\" data-element_type=\"column\" data-e-type=\"column\">\n\t\t\t<div class=\"elementor-widget-wrap elementor-element-populated\">\n\t\t\t\t\t\t<div class=\"elementor-element elementor-element-fae3d59 elementor-widget elementor-widget-text-editor\" data-id=\"fae3d59\" data-element_type=\"widget\" data-e-type=\"widget\" data-widget_type=\"text-editor.default\">\n\t\t\t\t<div class=\"elementor-widget-container\">\n\t\t\t\t\t\t\t\t\t<p><span style=\"font-size: 16px; color: var( --e-global-color-primary ); letter-spacing: var( --e-global-typography-b2ce6af-letter-spacing ); text-transform: var( --e-global-typography-b2ce6af-text-transform ); word-spacing: var( --e-global-typography-b2ce6af-word-spacing );\">In der Pausenhalle w\u00e4chst an einer gro\u00dfen Wand unser <\/span><strong style=\"font-size: 16px; color: var( --e-global-color-primary ); letter-spacing: var( --e-global-typography-b2ce6af-letter-spacing ); text-transform: var( --e-global-typography-b2ce6af-text-transform ); word-spacing: var( --e-global-typography-b2ce6af-word-spacing );\">Garten der Freundlichkeit<\/strong><span style=\"font-size: 16px; color: var( --e-global-color-primary ); letter-spacing: var( --e-global-typography-b2ce6af-letter-spacing ); text-transform: var( --e-global-typography-b2ce6af-text-transform ); word-spacing: var( --e-global-typography-b2ce6af-word-spacing );\">.&nbsp;<\/span><span style=\"font-size: 16px; color: var( --e-global-color-primary ); letter-spacing: var( --e-global-typography-b2ce6af-letter-spacing ); text-transform: var( --e-global-typography-b2ce6af-text-transform ); word-spacing: var( --e-global-typography-b2ce6af-word-spacing );\">Dieser besteht aus gro\u00dfen Blumen, in denen jene Werte stehen, die f\u00fcr uns an der Grundschule Breitenhagen, gro\u00dfgeschrieben werden.<\/span><br><\/p>\n<p>\u00dcber allem steht dabei die gro\u00dfe Sonne, in deren Mitte der jeweilige Wert des Monats zu finden ist.&nbsp;<\/p>\n<p>In ihren neun Sonnenstrahlen finden sich die Kinder, die den jeweiligen Wert in besonderem Ma\u00df umgesetzt haben &#8211; die so genannten <strong>Sonnenstrahlen der Woche<\/strong>, wieder.&nbsp;<br>Der <strong>Sonnenstrahl der Woche<\/strong> wird klassenintern gew\u00e4hlt.<\/p>\n<p><span style=\"font-family: &quot;Roboto Slab&quot;, sans-serif; font-size: 16px; font-style: normal; font-variant-ligatures: normal; font-variant-caps: normal; font-weight: 400;\">Alle vier Wochen wird in unserer Monatsfeier ein neuer Wert verk\u00fcndet, mit dem wir uns alle gemeinsam auseinandersetzen, mit dem Ziel, unser Zusammenleben in der Schulgemeinschaft zu st\u00e4rken.<\/span><br><\/p>\n<p><\/p>\t\t\t\t\t\t\t\t<\/div>\n\t\t\t\t<\/div>\n\t\t\t\t\t<\/div>\n\t\t<\/div>\n\t\t\t\t\t<\/div>\n\t\t<\/section>\n\t\t\t\t<\/div>\n\t\t","protected":false},"excerpt":{"rendered":"<p>Garten der Freundlichkeit In der Pausenhalle w\u00e4chst an einer gro\u00dfen Wand unser Garten der Freundlichkeit.&nbsp;Dieser besteht aus gro\u00dfen Blumen, in denen jene Werte stehen, die f\u00fcr uns an der Grundschule Breitenhagen, gro\u00dfgeschrieben werden. \u00dcber allem steht dabei die gro\u00dfe Sonne, in deren Mitte der jeweilige Wert des Monats zu finden ist.&nbsp; In ihren neun Sonnenstrahlen [&hellip;]<\/p>\n","protected":false},"author":3,"featured_media":0,"parent":0,"menu_order":0,"comment_status":"closed","ping_status":"closed","template":"","meta":{"footnotes":""},"class_list":["post-1730","page","type-page","status-publish","hentry","entry"],"_links":{"self":[{"href":"https:\/\/gs-breitenhagen.de\/index.php?rest_route=\/wp\/v2\/pages\/1730","targetHints":{"allow":["GET"]}}],"collection":[{"href":"https:\/\/gs-breitenhagen.de\/index.php?rest_route=\/wp\/v2\/pages"}],"about":[{"href":"https:\/\/gs-breitenhagen.de\/index.php?rest_route=\/wp\/v2\/types\/page"}],"author":[{"embeddable":true,"href":"https:\/\/gs-breitenhagen.de\/index.php?rest_route=\/wp\/v2\/users\/3"}],"replies":[{"embeddable":true,"href":"https:\/\/gs-breitenhagen.de\/index.php?rest_route=%2Fwp%2Fv2%2Fcomments&post=1730"}],"version-history":[{"count":23,"href":"https:\/\/gs-breitenhagen.de\/index.php?rest_route=\/wp\/v2\/pages\/1730\/revisions"}],"predecessor-version":[{"id":2328,"href":"https:\/\/gs-breitenhagen.de\/index.php?rest_route=\/wp\/v2\/pages\/1730\/revisions\/2328"}],"wp:attachment":[{"href":"https:\/\/gs-breitenhagen.de\/index.php?rest_route=%2Fwp%2Fv2%2Fmedia&parent=1730"}],"curies":[{"name":"wp","href":"https:\/\/api.w.org\/{rel}","templated":true}]}}