{"id":1169,"date":"2023-01-09T00:09:08","date_gmt":"2023-01-08T23:09:08","guid":{"rendered":"https:\/\/gs-breitenhagen.de\/?page_id=1169"},"modified":"2023-06-22T20:08:00","modified_gmt":"2023-06-22T18:08:00","slug":"bildungsangebot","status":"publish","type":"page","link":"https:\/\/gs-breitenhagen.de\/?page_id=1169","title":{"rendered":"Bildungsangebot"},"content":{"rendered":"\t\t<div data-elementor-type=\"wp-page\" data-elementor-id=\"1169\" class=\"elementor elementor-1169\">\n\t\t\t\t\t\t<section class=\"elementor-section elementor-top-section elementor-element elementor-element-7bb7b51 elementor-section-boxed elementor-section-height-default elementor-section-height-default\" data-id=\"7bb7b51\" data-element_type=\"section\" data-e-type=\"section\">\n\t\t\t\t\t\t<div class=\"elementor-container elementor-column-gap-default\">\n\t\t\t\t\t<div class=\"elementor-column elementor-col-100 elementor-top-column elementor-element elementor-element-9b82f09\" data-id=\"9b82f09\" data-element_type=\"column\" data-e-type=\"column\">\n\t\t\t<div class=\"elementor-widget-wrap elementor-element-populated\">\n\t\t\t\t\t\t<div class=\"elementor-element elementor-element-dc985ca elementor-widget elementor-widget-image\" data-id=\"dc985ca\" data-element_type=\"widget\" data-e-type=\"widget\" data-widget_type=\"image.default\">\n\t\t\t\t<div class=\"elementor-widget-container\">\n\t\t\t\t\t\t\t\t\t\t\t\t\t\t\t<img fetchpriority=\"high\" decoding=\"async\" width=\"1024\" height=\"166\" src=\"https:\/\/gs-breitenhagen.de\/wp-content\/uploads\/2023\/01\/PHOTO-2022-08-17-08-08-47-e1687440812891-1024x166.jpg\" class=\"attachment-large size-large wp-image-1537\" alt=\"\" srcset=\"https:\/\/gs-breitenhagen.de\/wp-content\/uploads\/2023\/01\/PHOTO-2022-08-17-08-08-47-e1687440812891-1024x166.jpg 1024w, https:\/\/gs-breitenhagen.de\/wp-content\/uploads\/2023\/01\/PHOTO-2022-08-17-08-08-47-e1687440812891-300x49.jpg 300w, https:\/\/gs-breitenhagen.de\/wp-content\/uploads\/2023\/01\/PHOTO-2022-08-17-08-08-47-e1687440812891-768x125.jpg 768w, https:\/\/gs-breitenhagen.de\/wp-content\/uploads\/2023\/01\/PHOTO-2022-08-17-08-08-47-e1687440812891-1536x249.jpg 1536w, https:\/\/gs-breitenhagen.de\/wp-content\/uploads\/2023\/01\/PHOTO-2022-08-17-08-08-47-e1687440812891.jpg 2016w\" sizes=\"(max-width: 1024px) 100vw, 1024px\" \/>\t\t\t\t\t\t\t\t\t\t\t\t\t\t\t<\/div>\n\t\t\t\t<\/div>\n\t\t\t\t\t<\/div>\n\t\t<\/div>\n\t\t\t\t\t<\/div>\n\t\t<\/section>\n\t\t\t\t<section class=\"elementor-section elementor-top-section elementor-element elementor-element-2b1da58 elementor-section-boxed elementor-section-height-default elementor-section-height-default\" data-id=\"2b1da58\" data-element_type=\"section\" data-e-type=\"section\">\n\t\t\t\t\t\t<div class=\"elementor-container elementor-column-gap-default\">\n\t\t\t\t\t<div class=\"elementor-column elementor-col-100 elementor-top-column elementor-element elementor-element-de2660d\" data-id=\"de2660d\" data-element_type=\"column\" data-e-type=\"column\">\n\t\t\t<div class=\"elementor-widget-wrap elementor-element-populated\">\n\t\t\t\t\t\t<div class=\"elementor-element elementor-element-0fda095 elementor-widget elementor-widget-heading\" data-id=\"0fda095\" data-element_type=\"widget\" data-e-type=\"widget\" data-widget_type=\"heading.default\">\n\t\t\t\t<div class=\"elementor-widget-container\">\n\t\t\t\t\t<h2 class=\"elementor-heading-title elementor-size-default\">Grundschule Breitenhagen - Das sind wir:<\/h2>\t\t\t\t<\/div>\n\t\t\t\t<\/div>\n\t\t\t\t\t<\/div>\n\t\t<\/div>\n\t\t\t\t\t<\/div>\n\t\t<\/section>\n\t\t\t\t<section class=\"elementor-section elementor-top-section elementor-element elementor-element-cbcbb57 elementor-section-boxed elementor-section-height-default elementor-section-height-default\" data-id=\"cbcbb57\" data-element_type=\"section\" data-e-type=\"section\">\n\t\t\t\t\t\t<div class=\"elementor-container elementor-column-gap-default\">\n\t\t\t\t\t<div class=\"elementor-column elementor-col-100 elementor-top-column elementor-element elementor-element-023a518\" data-id=\"023a518\" data-element_type=\"column\" data-e-type=\"column\">\n\t\t\t<div class=\"elementor-widget-wrap elementor-element-populated\">\n\t\t\t\t\t\t<div class=\"elementor-element elementor-element-f05cb00 elementor-widget elementor-widget-text-editor\" data-id=\"f05cb00\" data-element_type=\"widget\" data-e-type=\"widget\" data-widget_type=\"text-editor.default\">\n\t\t\t\t<div class=\"elementor-widget-container\">\n\t\t\t\t\t\t\t\t\t<p>Im Schuljahr 2023\/24 werden 185 Kinder an der GGS Breitenhagen in 9 Klassen unterrichtet.\u00a0<\/p><p>F\u00fcr einen gelungenen Schulalltag sorgen dabei:\u00a0<\/p><ul><li>unsere Lehrerinnen und Lehrer<\/li><li>unsere Sonderp\u00e4dagogin<\/li><li>unsere p\u00e4dagogische Fachkraft im multiprofessionellen Team<\/li><li>unser Schulsozialarbeiter<\/li><li>unser Betreuungspersonal<\/li><li>unsere Mitarbeiter\/innen im offenen Ganztag<\/li><li>unsere Sekret\u00e4rin<\/li><li>unser Hausmeister<\/li><\/ul><div>In unserem Schulgeb\u00e4ude finden Sie:<\/div><ul><li>9\u00a0 individuell gestaltete Klassenr\u00e4ume<\/li><li>einen Musikraum<\/li><li>einen Religionsraum<\/li><li>einen F\u00f6rderraum<\/li><li>eine Schulk\u00fcche mit Nebenraum<\/li><li>einen Werkraum<\/li><li>einen Computerraum<\/li><li>zwei Gruppenr\u00e4ume f\u00fcr die Betreuung<\/li><li>Gruppenr\u00e4ume und K\u00fcche f\u00fcr die OGS<\/li><\/ul><p>Au\u00dferdem d\u00fcrfen wir die Sporthalle sowie den Sportplatz des TV St\u00e4dt. Rahmede nutzen.<\/p><p>Unser Schulhof verf\u00fcgt \u00fcber Spielger\u00e4te, Basketballk\u00f6rbe, Tischtennisplatten sowie einen abgegrenzten Bereich zum Fu\u00dfballspielen.<br \/>Au\u00dferdem liegt unsere Schule in unmittelbarer N\u00e4he zum Wald, der ebenfalls zum Verweilen einl\u00e4dt.<\/p>\t\t\t\t\t\t\t\t<\/div>\n\t\t\t\t<\/div>\n\t\t\t\t\t<\/div>\n\t\t<\/div>\n\t\t\t\t\t<\/div>\n\t\t<\/section>\n\t\t\t\t<\/div>\n\t\t","protected":false},"excerpt":{"rendered":"<p>Grundschule Breitenhagen &#8211; Das sind wir: Im Schuljahr 2023\/24 werden 185 Kinder an der GGS Breitenhagen in 9 Klassen unterrichtet.\u00a0 F\u00fcr einen gelungenen Schulalltag sorgen dabei:\u00a0 unsere Lehrerinnen und Lehrer unsere Sonderp\u00e4dagogin unsere p\u00e4dagogische Fachkraft im multiprofessionellen Team unser Schulsozialarbeiter unser Betreuungspersonal unsere Mitarbeiter\/innen im offenen Ganztag unsere Sekret\u00e4rin unser Hausmeister In unserem Schulgeb\u00e4ude finden [&hellip;]<\/p>\n","protected":false},"author":1,"featured_media":0,"parent":0,"menu_order":0,"comment_status":"closed","ping_status":"closed","template":"","meta":{"footnotes":""},"class_list":["post-1169","page","type-page","status-publish","hentry","entry"],"_links":{"self":[{"href":"https:\/\/gs-breitenhagen.de\/index.php?rest_route=\/wp\/v2\/pages\/1169","targetHints":{"allow":["GET"]}}],"collection":[{"href":"https:\/\/gs-breitenhagen.de\/index.php?rest_route=\/wp\/v2\/pages"}],"about":[{"href":"https:\/\/gs-breitenhagen.de\/index.php?rest_route=\/wp\/v2\/types\/page"}],"author":[{"embeddable":true,"href":"https:\/\/gs-breitenhagen.de\/index.php?rest_route=\/wp\/v2\/users\/1"}],"replies":[{"embeddable":true,"href":"https:\/\/gs-breitenhagen.de\/index.php?rest_route=%2Fwp%2Fv2%2Fcomments&post=1169"}],"version-history":[{"count":23,"href":"https:\/\/gs-breitenhagen.de\/index.php?rest_route=\/wp\/v2\/pages\/1169\/revisions"}],"predecessor-version":[{"id":2290,"href":"https:\/\/gs-breitenhagen.de\/index.php?rest_route=\/wp\/v2\/pages\/1169\/revisions\/2290"}],"wp:attachment":[{"href":"https:\/\/gs-breitenhagen.de\/index.php?rest_route=%2Fwp%2Fv2%2Fmedia&parent=1169"}],"curies":[{"name":"wp","href":"https:\/\/api.w.org\/{rel}","templated":true}]}}